{"id":69,"date":"2019-03-08T22:03:47","date_gmt":"2019-03-08T21:03:47","guid":{"rendered":"http:\/\/neukoellner-clio.de\/?page_id=69"},"modified":"2020-04-05T11:20:28","modified_gmt":"2020-04-05T09:20:28","slug":"dies-und-das","status":"publish","type":"page","link":"https:\/\/neukoellner-clio.de\/?page_id=69","title":{"rendered":"Willkommen in der Spielecke"},"content":{"rendered":"\n<p>Ein wenig Abwechslung und Spa\u00df darf nicht fehlen. Deshalb finden Sie unterschiedlich knifflige und weniger knifflige R\u00e4tsel. Mal sind es Bilderr\u00e4tsel, mal sind es Personenbeschreibungen, die zu erraten sind.<\/p>\n\n\n\n<p>Damit auch dieser Bereich interessant und abwechslungsreich wird, k\u00f6nnen Sie sich gerne aktiv beteiligen. Haben Sie Ideen f\u00fcr R\u00e4tsel? Sprechen Sie mich an.<\/p>\n\n\n\n<p>Finden sich Sponsoren, gibt es sogar kleine Preise zu gewinnen. Aber der Reiz soll nicht durch materielle Preise angeregt werden.<\/p>\n\n\n\n<div class=\"wp-block-image\"><figure class=\"aligncenter size-large\"><img loading=\"lazy\" decoding=\"async\" width=\"253\" height=\"161\" src=\"http:\/\/neukoellner-clio.de\/wp-content\/uploads\/2018\/11\/logo-Clio-Logo.gif\" alt=\"\" class=\"wp-image-6\"\/><figcaption>Ihr Werner Schmidt<\/figcaption><\/figure><\/div>\n","protected":false},"excerpt":{"rendered":"","protected":false},"author":1,"featured_media":0,"parent":0,"menu_order":0,"comment_status":"closed","ping_status":"closed","template":"","meta":{"ngg_post_thumbnail":0,"footnotes":""},"class_list":["post-69","page","type-page","status-publish","hentry"],"featured_image_src":null,"featured_image_src_square":null,"_links":{"self":[{"href":"https:\/\/neukoellner-clio.de\/index.php?rest_route=\/wp\/v2\/pages\/69","targetHints":{"allow":["GET"]}}],"collection":[{"href":"https:\/\/neukoellner-clio.de\/index.php?rest_route=\/wp\/v2\/pages"}],"about":[{"href":"https:\/\/neukoellner-clio.de\/index.php?rest_route=\/wp\/v2\/types\/page"}],"author":[{"embeddable":true,"href":"https:\/\/neukoellner-clio.de\/index.php?rest_route=\/wp\/v2\/users\/1"}],"replies":[{"embeddable":true,"href":"https:\/\/neukoellner-clio.de\/index.php?rest_route=%2Fwp%2Fv2%2Fcomments&post=69"}],"version-history":[{"count":3,"href":"https:\/\/neukoellner-clio.de\/index.php?rest_route=\/wp\/v2\/pages\/69\/revisions"}],"predecessor-version":[{"id":572,"href":"https:\/\/neukoellner-clio.de\/index.php?rest_route=\/wp\/v2\/pages\/69\/revisions\/572"}],"wp:attachment":[{"href":"https:\/\/neukoellner-clio.de\/index.php?rest_route=%2Fwp%2Fv2%2Fmedia&parent=69"}],"curies":[{"name":"wp","href":"https:\/\/api.w.org\/{rel}","templated":true}]}}