{"id":2,"date":"2018-11-08T23:28:36","date_gmt":"2018-11-08T23:28:36","guid":{"rendered":"http:\/\/neukoellner-clio.de\/?page_id=2"},"modified":"2020-04-05T11:12:28","modified_gmt":"2020-04-05T09:12:28","slug":"sample-page","status":"publish","type":"page","link":"https:\/\/neukoellner-clio.de\/","title":{"rendered":"Willkommen"},"content":{"rendered":"\n<p>Sie befinden sich auf dem Neuk\u00f6llner Geschichtsportal. Es besch\u00e4ftigt sich mit lokal- und reginalhistorischen Ereignissen rund um Neuk\u00f6lln. Aber finden Sie nicht nur Geschichte und Geschichten aus Neuk\u00f6lln.<\/p>\n<p>Neuk\u00f6lln bietet einen Fundus an Geschichte. Viele Geschichtsinteressierte und -aktive habe das Werden von Neuk\u00f6lln\/Rixdorf erforscht, aufgezeichnet und die Erinnerungen wach gehalten. Geschichte ist aber nicht starr, sondern sie entsteht immer wieder neu. Neue Erkenntnisse, Archivfunde und Forschungsmethoden f\u00fchren zu neuen Fragen an die Vergangenheit. Nicht zuletzt vergeht die Zeit und erzeugt Geschichte.<br>Um dieser Auffassung gerecht zu werden, bietet das Portal vor allem Informationen \u00fcber Veranstaltungen, wie zum Beispiel Ausstellungen, F\u00fchrungen, Museen etc., aber auch Aufs\u00e4tze, Berichte, Rezensionen o. \u00e4.<\/p>\n<p><strong>Mitwirkung:<br><\/strong>Jede\/r die\/der aktiv an dem Portal mitarbeiten m\u00f6chte, ist gern gesehen. Je mehr aktiv daran arbeiten, umso interessanter und umfassender wird der Inhalt. Auch Anregungen und Kritiken sind gern gesehen.<\/p>\n\n\n\n<div class=\"frm_forms  with_frm_style frm_style_formidable-style\" id=\"frm_form_4_container\" >\n<form enctype=\"multipart\/form-data\" method=\"post\" class=\"frm-show-form \" id=\"form_kontakten\" >\n<div class=\"frm_form_fields \">\n<fieldset>\n<legend class=\"frm_screen_reader\">Kontakten<\/legend>\r\n\r\n<div class=\"frm_fields_container\">\n<input type=\"hidden\" name=\"frm_action\" value=\"create\" \/>\n<input type=\"hidden\" name=\"form_id\" value=\"4\" \/>\n<input type=\"hidden\" name=\"frm_hide_fields_4\" id=\"frm_hide_fields_4\" value=\"\" \/>\n<input type=\"hidden\" name=\"form_key\" value=\"kontakten\" \/>\n<input type=\"hidden\" name=\"item_meta[0]\" value=\"\" \/>\n<input type=\"hidden\" id=\"frm_submit_entry_4\" name=\"frm_submit_entry_4\" value=\"1553a75ecc\" \/><input type=\"hidden\" name=\"_wp_http_referer\" value=\"\/index.php?rest_route=%2Fwp%2Fv2%2Fpages%2F2\" \/><div id=\"frm_field_21_container\" class=\"frm_form_field form-field  frm_required_field frm_top_container\">\r\n    <label for=\"field_wqaff\" id=\"field_wqaff_label\" class=\"frm_primary_label\">Ihre Nachricht\r\n        <span class=\"frm_required\">*<\/span>\r\n    <\/label>\r\n    <input type=\"text\" id=\"field_wqaff\" name=\"item_meta[21]\" value=\"1.000 Zeichen\"  maxlength=\"1000\" data-frmval=\"1.000 Zeichen\" data-reqmsg=\"Dieses Feld darf nicht leer sein.\" aria-required=\"true\" data-invmsg=\"Text ist ung\u00fcltig\" aria-invalid=\"false\"  \/>\r\n    \r\n    \r\n<\/div>\n<div id=\"frm_field_23_container\" class=\"frm_form_field form-field  frm_required_field frm_top_container\">\r\n    <label for=\"field_5f54q\" id=\"field_5f54q_label\" class=\"frm_primary_label\">Ihr Name\r\n        <span class=\"frm_required\">*<\/span>\r\n    <\/label>\r\n    <input type=\"text\" id=\"field_5f54q\" name=\"item_meta[23]\" value=\"\"  style=\"width:600px\" maxlength=\"60\" data-reqmsg=\"Ihr Name kann nicht leer sein.\" aria-required=\"true\" data-invmsg=\"Text ist ung\u00fcltig\" class=\"auto_width\" aria-invalid=\"false\"  \/>\r\n    \r\n    \r\n<\/div>\n<div id=\"frm_field_22_container\" class=\"frm_form_field form-field  frm_required_field frm_top_container\">\r\n    <label for=\"field_yg63b\" id=\"field_yg63b_label\" class=\"frm_primary_label\">Ihre E-Mail\r\n        <span class=\"frm_required\">*<\/span>\r\n    <\/label>\r\n    <input type=\"email\" id=\"field_yg63b\" name=\"item_meta[22]\" value=\"\"  data-reqmsg=\"Dieses Feld darf nicht leer sein.\" aria-required=\"true\" data-invmsg=\"E-Mail ist ung\u00fcltig\" aria-invalid=\"false\"  \/>\r\n    \r\n    \r\n<\/div>\n<div id=\"frm_field_42_container\" class=\"frm_form_field form-field \">\n\t<div class=\"frm_submit\">\r\n\r\n<button class=\"frm_button_submit\" type=\"submit\"  >Senden<\/button>\r\n\r\n<\/div>\n<\/div>\n\t<input type=\"hidden\" name=\"item_key\" value=\"\" \/>\n\t\t\t<div id=\"frm_field_45_container\">\n\t\t\t<label for=\"field_3o7v1\" >\n\t\t\t\tFalls Du menschlich bist, lasse dieses Feld leer.\t\t\t<\/label>\n\t\t\t<input  id=\"field_3o7v1\" type=\"text\" class=\"frm_form_field form-field frm_verify\" name=\"item_meta[45]\" value=\"\"  \/>\n\t\t<\/div>\n\t\t<input name=\"frm_state\" type=\"hidden\" value=\"fZepqWxXySggXakYelAe8Uy3cxq32lpRY6ofTsym1Ro=\" \/><\/div>\n<\/fieldset>\n<\/div>\n\n<p style=\"display: none !important;\" class=\"akismet-fields-container\" data-prefix=\"ak_\"><label>&#916;<textarea name=\"ak_hp_textarea\" cols=\"45\" rows=\"8\" maxlength=\"100\"><\/textarea><\/label><input type=\"hidden\" id=\"ak_js_1\" name=\"ak_js\" value=\"78\"\/><script>document.getElementById( \"ak_js_1\" ).setAttribute( \"value\", ( new Date() ).getTime() );<\/script><\/p><\/form>\n<\/div>\n\n\n\n<p><\/p>\n","protected":false},"excerpt":{"rendered":"<p>Sie befinden sich auf dem Neuk\u00f6llner Geschichtsportal. Es besch\u00e4ftigt sich mit lokal- und reginalhistorischen Ereignissen rund um Neuk\u00f6lln. Aber finden Sie nicht nur Geschichte und Geschichten aus Neuk\u00f6lln. Neuk\u00f6lln bietet einen Fundus an Geschichte. Viele Geschichtsinteressierte und -aktive habe das Werden von Neuk\u00f6lln\/Rixdorf erforscht, aufgezeichnet und die Erinnerungen wach gehalten. Geschichte ist aber nicht starr, &hellip; <a href=\"https:\/\/neukoellner-clio.de\/\" class=\"more-link\"><span class=\"screen-reader-text\">Willkommen<\/span> weiterlesen<\/a><\/p>\n","protected":false},"author":1,"featured_media":0,"parent":0,"menu_order":0,"comment_status":"closed","ping_status":"open","template":"","meta":{"ngg_post_thumbnail":0,"footnotes":""},"class_list":["post-2","page","type-page","status-publish","hentry"],"featured_image_src":null,"featured_image_src_square":null,"_links":{"self":[{"href":"https:\/\/neukoellner-clio.de\/index.php?rest_route=\/wp\/v2\/pages\/2","targetHints":{"allow":["GET"]}}],"collection":[{"href":"https:\/\/neukoellner-clio.de\/index.php?rest_route=\/wp\/v2\/pages"}],"about":[{"href":"https:\/\/neukoellner-clio.de\/index.php?rest_route=\/wp\/v2\/types\/page"}],"author":[{"embeddable":true,"href":"https:\/\/neukoellner-clio.de\/index.php?rest_route=\/wp\/v2\/users\/1"}],"replies":[{"embeddable":true,"href":"https:\/\/neukoellner-clio.de\/index.php?rest_route=%2Fwp%2Fv2%2Fcomments&post=2"}],"version-history":[{"count":9,"href":"https:\/\/neukoellner-clio.de\/index.php?rest_route=\/wp\/v2\/pages\/2\/revisions"}],"predecessor-version":[{"id":570,"href":"https:\/\/neukoellner-clio.de\/index.php?rest_route=\/wp\/v2\/pages\/2\/revisions\/570"}],"wp:attachment":[{"href":"https:\/\/neukoellner-clio.de\/index.php?rest_route=%2Fwp%2Fv2%2Fmedia&parent=2"}],"curies":[{"name":"wp","href":"https:\/\/api.w.org\/{rel}","templated":true}]}}