{"id":124,"date":"2019-03-08T23:35:07","date_gmt":"2019-03-08T22:35:07","guid":{"rendered":"http:\/\/neukoellner-clio.de\/?page_id=124"},"modified":"2024-03-11T13:26:23","modified_gmt":"2024-03-11T12:26:23","slug":"bildgalerien","status":"publish","type":"page","link":"https:\/\/neukoellner-clio.de\/?page_id=124","title":{"rendered":"Bildgalerien"},"content":{"rendered":"\n<p>Hier finden Sie themenorientierte Bildreihen zu Neuk\u00f6lln. <\/p>\n\n\n\n<p>Zur Zeit ist eine Ausstellung zu Neuk\u00f6llner Friedh\u00f6fen in Planung.<\/p>\n","protected":false},"excerpt":{"rendered":"<p>Hier finden Sie themenorientierte Bildreihen zu Neuk\u00f6lln. Zur Zeit ist eine Ausstellung zu Neuk\u00f6llner Friedh\u00f6fen in Planung.<\/p>\n","protected":false},"author":1,"featured_media":0,"parent":0,"menu_order":0,"comment_status":"closed","ping_status":"closed","template":"","meta":{"ngg_post_thumbnail":0,"footnotes":""},"class_list":["post-124","page","type-page","status-publish","hentry"],"featured_image_src":null,"featured_image_src_square":null,"_links":{"self":[{"href":"https:\/\/neukoellner-clio.de\/index.php?rest_route=\/wp\/v2\/pages\/124","targetHints":{"allow":["GET"]}}],"collection":[{"href":"https:\/\/neukoellner-clio.de\/index.php?rest_route=\/wp\/v2\/pages"}],"about":[{"href":"https:\/\/neukoellner-clio.de\/index.php?rest_route=\/wp\/v2\/types\/page"}],"author":[{"embeddable":true,"href":"https:\/\/neukoellner-clio.de\/index.php?rest_route=\/wp\/v2\/users\/1"}],"replies":[{"embeddable":true,"href":"https:\/\/neukoellner-clio.de\/index.php?rest_route=%2Fwp%2Fv2%2Fcomments&post=124"}],"version-history":[{"count":3,"href":"https:\/\/neukoellner-clio.de\/index.php?rest_route=\/wp\/v2\/pages\/124\/revisions"}],"predecessor-version":[{"id":1087,"href":"https:\/\/neukoellner-clio.de\/index.php?rest_route=\/wp\/v2\/pages\/124\/revisions\/1087"}],"wp:attachment":[{"href":"https:\/\/neukoellner-clio.de\/index.php?rest_route=%2Fwp%2Fv2%2Fmedia&parent=124"}],"curies":[{"name":"wp","href":"https:\/\/api.w.org\/{rel}","templated":true}]}}